{"id":4186,"date":"2021-04-23T14:21:06","date_gmt":"2021-04-23T12:21:06","guid":{"rendered":"https:\/\/four-ephrem.com\/produit\/black-sun-facade\/"},"modified":"2026-05-01T12:55:19","modified_gmt":"2026-05-01T10:55:19","slug":"black-sun-facade","status":"publish","type":"product","link":"https:\/\/four-ephrem.com\/en\/product\/black-sun-facade\/","title":{"rendered":"Black Sun fa\u00e7ade"},"content":{"rendered":"<p>Easy-to-install attractive cladding for the front of your Ephrem wood-fired oven. Fa\u00e7ade compatible with the following oven models: Essentiel, Authentique Pizzaiolo and \u00c9l\u00e9mentaire maxi.<\/p>\n","protected":false},"excerpt":{"rendered":"<p>A simple and modern finish<\/p>\n","protected":false},"featured_media":2862,"comment_status":"closed","ping_status":"closed","template":"","meta":{"_acf_changed":false,"_seopress_robots_primary_cat":"none","_seopress_titles_title":"","_seopress_titles_desc":"","_seopress_robots_index":""},"product_brand":[],"product_cat":[247],"product_tag":[],"class_list":{"0":"post-4186","1":"product","2":"type-product","3":"status-publish","4":"has-post-thumbnail","6":"product_cat-embellishment","7":"product_shipping_class-frais-de-port-70","9":"first","10":"instock","11":"sale","12":"taxable","13":"shipping-taxable","14":"purchasable","15":"product-type-simple"},"acf":[],"_links":{"self":[{"href":"https:\/\/four-ephrem.com\/en\/wp-json\/wp\/v2\/product\/4186","targetHints":{"allow":["GET"]}}],"collection":[{"href":"https:\/\/four-ephrem.com\/en\/wp-json\/wp\/v2\/product"}],"about":[{"href":"https:\/\/four-ephrem.com\/en\/wp-json\/wp\/v2\/types\/product"}],"replies":[{"embeddable":true,"href":"https:\/\/four-ephrem.com\/en\/wp-json\/wp\/v2\/comments?post=4186"}],"wp:featuredmedia":[{"embeddable":true,"href":"https:\/\/four-ephrem.com\/en\/wp-json\/wp\/v2\/media\/2862"}],"wp:attachment":[{"href":"https:\/\/four-ephrem.com\/en\/wp-json\/wp\/v2\/media?parent=4186"}],"wp:term":[{"taxonomy":"product_brand","embeddable":true,"href":"https:\/\/four-ephrem.com\/en\/wp-json\/wp\/v2\/product_brand?post=4186"},{"taxonomy":"product_cat","embeddable":true,"href":"https:\/\/four-ephrem.com\/en\/wp-json\/wp\/v2\/product_cat?post=4186"},{"taxonomy":"product_tag","embeddable":true,"href":"https:\/\/four-ephrem.com\/en\/wp-json\/wp\/v2\/product_tag?post=4186"}],"curies":[{"name":"wp","href":"https:\/\/api.w.org\/{rel}","templated":true}]}}